{"id":1722,"date":"2025-09-19T10:55:06","date_gmt":"2025-09-19T08:55:06","guid":{"rendered":"http:\/\/87.98.152.101\/?page_id=1722"},"modified":"2025-09-19T11:01:24","modified_gmt":"2025-09-19T09:01:24","slug":"mentions-legales","status":"publish","type":"page","link":"https:\/\/transport-masson.fr\/index.php\/mentions-legales\/","title":{"rendered":"Mentions l\u00e9gales"},"content":{"rendered":"\t\t<div data-elementor-type=\"wp-page\" data-elementor-id=\"1722\" class=\"elementor elementor-1722\">\n\t\t\t\t<div class=\"elementor-element elementor-element-e68bb09 e-flex e-con-boxed wpr-particle-no wpr-jarallax-no wpr-parallax-no wpr-sticky-section-no e-con e-parent\" data-id=\"e68bb09\" data-element_type=\"container\" data-e-type=\"container\" data-settings=\"{&quot;background_background&quot;:&quot;classic&quot;}\">\n\t\t\t\t\t<div class=\"e-con-inner\">\n\t\t\t\t<div class=\"elementor-element elementor-element-950837e elementor-widget elementor-widget-text-editor\" data-id=\"950837e\" data-element_type=\"widget\" data-e-type=\"widget\" data-widget_type=\"text-editor.default\">\n\t\t\t\t<div class=\"elementor-widget-container\">\n\t\t\t\t\t\t\t\t\t<div data-node=\"603a5e8440c78\">\n<div>\n<div>\n<div data-node=\"603a5e8440c74\">\n<div data-node=\"603a5e8440c76\">\n<div>\n<div data-node=\"603a5e8440c77\" data-animation-delay=\"0\" data-animation-duration=\"1\">\n<div>\n<h1>MENTIONS L\u00c9GALES<\/h1>\n<div>&nbsp;<\/div>\n<\/div>\n<\/div>\n<\/div>\n<\/div>\n<\/div>\n<\/div>\n<\/div>\n<\/div>\n<div data-node=\"603a5e8440c79\">\n<div>\n<div>\n<div data-node=\"603a5e8440c7b\">\n<div data-node=\"603a5e8440c7c\">\n<div>\n<div data-node=\"603a5e8440c71\">\n<div>\n<div>\n<p><strong>IDENTIFICATION<\/strong><\/p>\n<p>SAS TRANSPORTS MASSON<\/p>\n<p>LA COUDRAIE ZA DE, 35720 PLEUGUENEUC&nbsp;<\/p>\n<p>896 780 103 R.C.S. Saintmalo<\/p>\n<p><span style=\"font-style: inherit; font-weight: inherit;\">Code APE&nbsp;<\/span>4941A<\/p>\n<p>TVA : FR22896780103<\/p><p><strong style=\"font-style: inherit;\">HEBERGEMENT<\/strong><\/p>\n<p>OVH<\/p>\n<p>SAS au capital de 10 069 020 \u20ac<\/p>\n<p>RCS Lille M\u00e9tropole 424 761 419 00045<\/p>\n<p>Code APE 2620Z<\/p>\n<p>N\u00b0 TVA : FR 22 424 761 419<\/p>\n<p>Si\u00e8ge social : 2 rue Kellermann &#8211; 59100 Roubaix &#8211; France<\/p>\n<p><strong>PROPRIETE INTELECTUELLE<\/strong><\/p>\n<p>Toute reproduction, repr\u00e9sentation, utilisation ou modification de ce site internet et des \u0153uvres qui le composent, par quelque proc\u00e9d\u00e9 que ce soit, sans l&rsquo;obtention pr\u00e9alable de l&rsquo;\u00e9diteur est strictement interdite et constitue un d\u00e9lit de contrefa\u00e7on exposant son auteur \u00e0 des poursuites judiciaires. Les noms, d\u00e9nominations et signes distinctifs cit\u00e9s et\/ou reproduits sur ce site par Masson sont la propri\u00e9t\u00e9 des annonceurs, clients de la soci\u00e9t\u00e9 Masson. Toute reproduction, repr\u00e9sentation ou imitation par un internaute, sauf autorisation \u00e9crite pr\u00e9alable des titulaires des marques cit\u00e9es, est interdite et constitue un d\u00e9lit de contrefa\u00e7on exposant son auteur \u00e0 des poursuites judiciaires.<\/p>\n<p><strong>RESPONSABILITE<\/strong><\/p>\n<p>La soci\u00e9t\u00e9 MASSON s&rsquo;efforce d&rsquo;assurer au mieux de ses possibilit\u00e9s, l&rsquo;exactitude et la mise \u00e0 jour des informations diffus\u00e9es sur ce site et se r\u00e9serve le droit de corriger et de modifier, \u00e0 tout moment, son contenu sans que sa responsabilit\u00e9 ne puisse \u00eatre engag\u00e9e de ce fait. En cons\u00e9quence, la soci\u00e9t\u00e9 MASSON ne garantit pas la pr\u00e9cision et l&rsquo;exhaustivit\u00e9 des informations disponibles sur ce site et d\u00e9cline toute responsabilit\u00e9 pour tout dommage pouvant r\u00e9sulter directement ou indirectement de son utilisation et du cr\u00e9dit accord\u00e9 \u00e0 ces informations&#8230;&nbsp;<\/p>\n<p><strong>DROIT APPLICABLE<\/strong><\/p>\n<p>Les pr\u00e9sentes conditions g\u00e9n\u00e9rales d&rsquo;utilisation sont r\u00e9gies et interpr\u00e9t\u00e9es selon le droit fran\u00e7ais et rel\u00e8ve de la comp\u00e9tence exclusive des tribunaux fran\u00e7ais. Si l\u2019une de ces dispositions s&rsquo;av\u00e9rait nulle ou sans effet juridique, toutes les autres dispositions demeureraient applicables.<\/p>\n<\/div>\n<\/div>\n<\/div>\n<\/div>\n<\/div>\n<\/div>\n<\/div>\n<\/div>\n<\/div>\t\t\t\t\t\t\t\t<\/div>\n\t\t\t\t<\/div>\n\t\t\t\t\t<\/div>\n\t\t\t\t<\/div>\n\t\t\t\t<\/div>\n\t\t","protected":false},"excerpt":{"rendered":"<p>MENTIONS L\u00c9GALES &nbsp; IDENTIFICATION SAS TRANSPORTS MASSON LA COUDRAIE ZA DE, 35720 PLEUGUENEUC&nbsp; 896 780 103 R.C.S. Saintmalo Code APE&nbsp;4941A TVA : FR22896780103 HEBERGEMENT OVH SAS au capital de 10 069 020 \u20ac RCS Lille M\u00e9tropole 424 761 419 00045 Code APE 2620Z N\u00b0 TVA : FR 22 424 761 419 Si\u00e8ge social : 2 rue Kellermann &#8211; 59100 Roubaix &#8211; France PROPRIETE INTELECTUELLE Toute reproduction, repr\u00e9sentation, utilisation ou modification de ce site internet et des \u0153uvres qui le composent, par quelque proc\u00e9d\u00e9 que ce soit, sans l&rsquo;obtention pr\u00e9alable de l&rsquo;\u00e9diteur est strictement interdite et constitue un d\u00e9lit de contrefa\u00e7on exposant son auteur \u00e0 des poursuites judiciaires. Les noms, d\u00e9nominations et signes distinctifs cit\u00e9s et\/ou reproduits sur ce site par Masson sont la propri\u00e9t\u00e9 des annonceurs, clients de la soci\u00e9t\u00e9 Masson. Toute reproduction, repr\u00e9sentation ou imitation par un internaute, sauf autorisation \u00e9crite pr\u00e9alable des titulaires des marques cit\u00e9es, est interdite et constitue un d\u00e9lit de contrefa\u00e7on exposant son auteur \u00e0 des poursuites judiciaires. RESPONSABILITE La soci\u00e9t\u00e9 MASSON s&rsquo;efforce d&rsquo;assurer au mieux de ses possibilit\u00e9s, l&rsquo;exactitude et la mise \u00e0 jour des informations diffus\u00e9es sur ce site et se r\u00e9serve le droit de corriger et de modifier, \u00e0 tout moment, son contenu sans que sa responsabilit\u00e9 ne puisse \u00eatre engag\u00e9e de ce fait. En cons\u00e9quence, la soci\u00e9t\u00e9 MASSON ne garantit pas la pr\u00e9cision et l&rsquo;exhaustivit\u00e9 des informations disponibles sur ce site et d\u00e9cline toute responsabilit\u00e9 pour tout dommage pouvant r\u00e9sulter directement ou indirectement de son utilisation et du cr\u00e9dit accord\u00e9 \u00e0 ces informations&#8230;&nbsp; DROIT APPLICABLE Les pr\u00e9sentes conditions g\u00e9n\u00e9rales d&rsquo;utilisation sont r\u00e9gies et interpr\u00e9t\u00e9es selon le droit fran\u00e7ais et rel\u00e8ve de la comp\u00e9tence exclusive des tribunaux fran\u00e7ais. Si l\u2019une de ces dispositions s&rsquo;av\u00e9rait nulle ou sans effet juridique, toutes les autres dispositions demeureraient applicables.<\/p>\n","protected":false},"author":1,"featured_media":0,"parent":0,"menu_order":0,"comment_status":"closed","ping_status":"closed","template":"","meta":{"site-sidebar-layout":"no-sidebar","site-content-layout":"","ast-site-content-layout":"full-width-container","site-content-style":"default","site-sidebar-style":"default","ast-global-header-display":"","ast-banner-title-visibility":"","ast-main-header-display":"","ast-hfb-above-header-display":"","ast-hfb-below-header-display":"","ast-hfb-mobile-header-display":"","site-post-title":"","ast-breadcrumbs-content":"","ast-featured-img":"disabled","footer-sml-layout":"","ast-disable-related-posts":"","theme-transparent-header-meta":"","adv-header-id-meta":"","stick-header-meta":"","header-above-stick-meta":"","header-main-stick-meta":"","header-below-stick-meta":"","astra-migrate-meta-layouts":"default","ast-page-background-enabled":"default","ast-page-background-meta":{"desktop":{"background-color":"var(--ast-global-color-5)","background-image":"","background-repeat":"repeat","background-position":"center center","background-size":"auto","background-attachment":"scroll","background-type":"","background-media":"","overlay-type":"","overlay-color":"","overlay-opacity":"","overlay-gradient":""},"tablet":{"background-color":"","background-image":"","background-repeat":"repeat","background-position":"center center","background-size":"auto","background-attachment":"scroll","background-type":"","background-media":"","overlay-type":"","overlay-color":"","overlay-opacity":"","overlay-gradient":""},"mobile":{"background-color":"","background-image":"","background-repeat":"repeat","background-position":"center center","background-size":"auto","background-attachment":"scroll","background-type":"","background-media":"","overlay-type":"","overlay-color":"","overlay-opacity":"","overlay-gradient":""}},"ast-content-background-meta":{"desktop":{"background-color":"var(--ast-global-color-4)","background-image":"","background-repeat":"repeat","background-position":"center center","background-size":"auto","background-attachment":"scroll","background-type":"","background-media":"","overlay-type":"","overlay-color":"","overlay-opacity":"","overlay-gradient":""},"tablet":{"background-color":"var(--ast-global-color-4)","background-image":"","background-repeat":"repeat","background-position":"center center","background-size":"auto","background-attachment":"scroll","background-type":"","background-media":"","overlay-type":"","overlay-color":"","overlay-opacity":"","overlay-gradient":""},"mobile":{"background-color":"var(--ast-global-color-4)","background-image":"","background-repeat":"repeat","background-position":"center center","background-size":"auto","background-attachment":"scroll","background-type":"","background-media":"","overlay-type":"","overlay-color":"","overlay-opacity":"","overlay-gradient":""}},"footnotes":""},"class_list":["post-1722","page","type-page","status-publish","hentry"],"yoast_head":"<!-- This site is optimized with the Yoast SEO plugin v27.1.1 - https:\/\/yoast.com\/product\/yoast-seo-wordpress\/ -->\n<title>Mentions l\u00e9gales - Masson<\/title>\n<meta name=\"robots\" content=\"index, follow, max-snippet:-1, max-image-preview:large, max-video-preview:-1\" \/>\n<link rel=\"canonical\" href=\"https:\/\/transport-masson.fr\/index.php\/mentions-legales\/\" \/>\n<meta property=\"og:locale\" content=\"fr_FR\" \/>\n<meta property=\"og:type\" content=\"article\" \/>\n<meta property=\"og:title\" content=\"Mentions l\u00e9gales - Masson\" \/>\n<meta property=\"og:description\" content=\"MENTIONS L\u00c9GALES &nbsp; IDENTIFICATION SAS TRANSPORTS MASSON LA COUDRAIE ZA DE, 35720 PLEUGUENEUC&nbsp; 896 780 103 R.C.S. Saintmalo Code APE&nbsp;4941A TVA : FR22896780103 HEBERGEMENT OVH SAS au capital de 10 069 020 \u20ac RCS Lille M\u00e9tropole 424 761 419 00045 Code APE 2620Z N\u00b0 TVA : FR 22 424 761 419 Si\u00e8ge social : 2 rue Kellermann &#8211; 59100 Roubaix &#8211; France PROPRIETE INTELECTUELLE Toute reproduction, repr\u00e9sentation, utilisation ou modification de ce site internet et des \u0153uvres qui le composent, par quelque proc\u00e9d\u00e9 que ce soit, sans l&rsquo;obtention pr\u00e9alable de l&rsquo;\u00e9diteur est strictement interdite et constitue un d\u00e9lit de contrefa\u00e7on exposant son auteur \u00e0 des poursuites judiciaires. Les noms, d\u00e9nominations et signes distinctifs cit\u00e9s et\/ou reproduits sur ce site par Masson sont la propri\u00e9t\u00e9 des annonceurs, clients de la soci\u00e9t\u00e9 Masson. Toute reproduction, repr\u00e9sentation ou imitation par un internaute, sauf autorisation \u00e9crite pr\u00e9alable des titulaires des marques cit\u00e9es, est interdite et constitue un d\u00e9lit de contrefa\u00e7on exposant son auteur \u00e0 des poursuites judiciaires. RESPONSABILITE La soci\u00e9t\u00e9 MASSON s&rsquo;efforce d&rsquo;assurer au mieux de ses possibilit\u00e9s, l&rsquo;exactitude et la mise \u00e0 jour des informations diffus\u00e9es sur ce site et se r\u00e9serve le droit de corriger et de modifier, \u00e0 tout moment, son contenu sans que sa responsabilit\u00e9 ne puisse \u00eatre engag\u00e9e de ce fait. En cons\u00e9quence, la soci\u00e9t\u00e9 MASSON ne garantit pas la pr\u00e9cision et l&rsquo;exhaustivit\u00e9 des informations disponibles sur ce site et d\u00e9cline toute responsabilit\u00e9 pour tout dommage pouvant r\u00e9sulter directement ou indirectement de son utilisation et du cr\u00e9dit accord\u00e9 \u00e0 ces informations&#8230;&nbsp; DROIT APPLICABLE Les pr\u00e9sentes conditions g\u00e9n\u00e9rales d&rsquo;utilisation sont r\u00e9gies et interpr\u00e9t\u00e9es selon le droit fran\u00e7ais et rel\u00e8ve de la comp\u00e9tence exclusive des tribunaux fran\u00e7ais. Si l\u2019une de ces dispositions s&rsquo;av\u00e9rait nulle ou sans effet juridique, toutes les autres dispositions demeureraient applicables.\" \/>\n<meta property=\"og:url\" content=\"https:\/\/transport-masson.fr\/index.php\/mentions-legales\/\" \/>\n<meta property=\"og:site_name\" content=\"Masson\" \/>\n<meta property=\"article:modified_time\" content=\"2025-09-19T09:01:24+00:00\" \/>\n<meta name=\"twitter:card\" content=\"summary_large_image\" \/>\n<meta name=\"twitter:label1\" content=\"Dur\u00e9e de lecture estim\u00e9e\" \/>\n\t<meta name=\"twitter:data1\" content=\"2 minutes\" \/>\n<script type=\"application\/ld+json\" class=\"yoast-schema-graph\">{\"@context\":\"https:\/\/schema.org\",\"@graph\":[{\"@type\":\"WebPage\",\"@id\":\"https:\/\/transport-masson.fr\/index.php\/mentions-legales\/\",\"url\":\"https:\/\/transport-masson.fr\/index.php\/mentions-legales\/\",\"name\":\"Mentions l\u00e9gales - Masson\",\"isPartOf\":{\"@id\":\"https:\/\/transport-masson.fr\/#website\"},\"datePublished\":\"2025-09-19T08:55:06+00:00\",\"dateModified\":\"2025-09-19T09:01:24+00:00\",\"breadcrumb\":{\"@id\":\"https:\/\/transport-masson.fr\/index.php\/mentions-legales\/#breadcrumb\"},\"inLanguage\":\"fr-FR\",\"potentialAction\":[{\"@type\":\"ReadAction\",\"target\":[\"https:\/\/transport-masson.fr\/index.php\/mentions-legales\/\"]}]},{\"@type\":\"BreadcrumbList\",\"@id\":\"https:\/\/transport-masson.fr\/index.php\/mentions-legales\/#breadcrumb\",\"itemListElement\":[{\"@type\":\"ListItem\",\"position\":1,\"name\":\"Accueil\",\"item\":\"https:\/\/transport-masson.fr\/\"},{\"@type\":\"ListItem\",\"position\":2,\"name\":\"Mentions l\u00e9gales\"}]},{\"@type\":\"WebSite\",\"@id\":\"https:\/\/transport-masson.fr\/#website\",\"url\":\"https:\/\/transport-masson.fr\/\",\"name\":\"Masson\",\"description\":\"\",\"publisher\":{\"@id\":\"https:\/\/transport-masson.fr\/#organization\"},\"potentialAction\":[{\"@type\":\"SearchAction\",\"target\":{\"@type\":\"EntryPoint\",\"urlTemplate\":\"https:\/\/transport-masson.fr\/?s={search_term_string}\"},\"query-input\":{\"@type\":\"PropertyValueSpecification\",\"valueRequired\":true,\"valueName\":\"search_term_string\"}}],\"inLanguage\":\"fr-FR\"},{\"@type\":\"Organization\",\"@id\":\"https:\/\/transport-masson.fr\/#organization\",\"name\":\"Masson\",\"url\":\"https:\/\/transport-masson.fr\/\",\"logo\":{\"@type\":\"ImageObject\",\"inLanguage\":\"fr-FR\",\"@id\":\"https:\/\/transport-masson.fr\/#\/schema\/logo\/image\/\",\"url\":\"https:\/\/transport-masson.fr\/wp-content\/uploads\/2025\/01\/cropped-Masson_transport_et_logistique_bleu.png\",\"contentUrl\":\"https:\/\/transport-masson.fr\/wp-content\/uploads\/2025\/01\/cropped-Masson_transport_et_logistique_bleu.png\",\"width\":306,\"height\":82,\"caption\":\"Masson\"},\"image\":{\"@id\":\"https:\/\/transport-masson.fr\/#\/schema\/logo\/image\/\"}}]}<\/script>\n<!-- \/ Yoast SEO plugin. -->","yoast_head_json":{"title":"Mentions l\u00e9gales - Masson","robots":{"index":"index","follow":"follow","max-snippet":"max-snippet:-1","max-image-preview":"max-image-preview:large","max-video-preview":"max-video-preview:-1"},"canonical":"https:\/\/transport-masson.fr\/index.php\/mentions-legales\/","og_locale":"fr_FR","og_type":"article","og_title":"Mentions l\u00e9gales - Masson","og_description":"MENTIONS L\u00c9GALES &nbsp; IDENTIFICATION SAS TRANSPORTS MASSON LA COUDRAIE ZA DE, 35720 PLEUGUENEUC&nbsp; 896 780 103 R.C.S. Saintmalo Code APE&nbsp;4941A TVA : FR22896780103 HEBERGEMENT OVH SAS au capital de 10 069 020 \u20ac RCS Lille M\u00e9tropole 424 761 419 00045 Code APE 2620Z N\u00b0 TVA : FR 22 424 761 419 Si\u00e8ge social : 2 rue Kellermann &#8211; 59100 Roubaix &#8211; France PROPRIETE INTELECTUELLE Toute reproduction, repr\u00e9sentation, utilisation ou modification de ce site internet et des \u0153uvres qui le composent, par quelque proc\u00e9d\u00e9 que ce soit, sans l&rsquo;obtention pr\u00e9alable de l&rsquo;\u00e9diteur est strictement interdite et constitue un d\u00e9lit de contrefa\u00e7on exposant son auteur \u00e0 des poursuites judiciaires. Les noms, d\u00e9nominations et signes distinctifs cit\u00e9s et\/ou reproduits sur ce site par Masson sont la propri\u00e9t\u00e9 des annonceurs, clients de la soci\u00e9t\u00e9 Masson. Toute reproduction, repr\u00e9sentation ou imitation par un internaute, sauf autorisation \u00e9crite pr\u00e9alable des titulaires des marques cit\u00e9es, est interdite et constitue un d\u00e9lit de contrefa\u00e7on exposant son auteur \u00e0 des poursuites judiciaires. RESPONSABILITE La soci\u00e9t\u00e9 MASSON s&rsquo;efforce d&rsquo;assurer au mieux de ses possibilit\u00e9s, l&rsquo;exactitude et la mise \u00e0 jour des informations diffus\u00e9es sur ce site et se r\u00e9serve le droit de corriger et de modifier, \u00e0 tout moment, son contenu sans que sa responsabilit\u00e9 ne puisse \u00eatre engag\u00e9e de ce fait. En cons\u00e9quence, la soci\u00e9t\u00e9 MASSON ne garantit pas la pr\u00e9cision et l&rsquo;exhaustivit\u00e9 des informations disponibles sur ce site et d\u00e9cline toute responsabilit\u00e9 pour tout dommage pouvant r\u00e9sulter directement ou indirectement de son utilisation et du cr\u00e9dit accord\u00e9 \u00e0 ces informations&#8230;&nbsp; DROIT APPLICABLE Les pr\u00e9sentes conditions g\u00e9n\u00e9rales d&rsquo;utilisation sont r\u00e9gies et interpr\u00e9t\u00e9es selon le droit fran\u00e7ais et rel\u00e8ve de la comp\u00e9tence exclusive des tribunaux fran\u00e7ais. Si l\u2019une de ces dispositions s&rsquo;av\u00e9rait nulle ou sans effet juridique, toutes les autres dispositions demeureraient applicables.","og_url":"https:\/\/transport-masson.fr\/index.php\/mentions-legales\/","og_site_name":"Masson","article_modified_time":"2025-09-19T09:01:24+00:00","twitter_card":"summary_large_image","twitter_misc":{"Dur\u00e9e de lecture estim\u00e9e":"2 minutes"},"schema":{"@context":"https:\/\/schema.org","@graph":[{"@type":"WebPage","@id":"https:\/\/transport-masson.fr\/index.php\/mentions-legales\/","url":"https:\/\/transport-masson.fr\/index.php\/mentions-legales\/","name":"Mentions l\u00e9gales - Masson","isPartOf":{"@id":"https:\/\/transport-masson.fr\/#website"},"datePublished":"2025-09-19T08:55:06+00:00","dateModified":"2025-09-19T09:01:24+00:00","breadcrumb":{"@id":"https:\/\/transport-masson.fr\/index.php\/mentions-legales\/#breadcrumb"},"inLanguage":"fr-FR","potentialAction":[{"@type":"ReadAction","target":["https:\/\/transport-masson.fr\/index.php\/mentions-legales\/"]}]},{"@type":"BreadcrumbList","@id":"https:\/\/transport-masson.fr\/index.php\/mentions-legales\/#breadcrumb","itemListElement":[{"@type":"ListItem","position":1,"name":"Accueil","item":"https:\/\/transport-masson.fr\/"},{"@type":"ListItem","position":2,"name":"Mentions l\u00e9gales"}]},{"@type":"WebSite","@id":"https:\/\/transport-masson.fr\/#website","url":"https:\/\/transport-masson.fr\/","name":"Masson","description":"","publisher":{"@id":"https:\/\/transport-masson.fr\/#organization"},"potentialAction":[{"@type":"SearchAction","target":{"@type":"EntryPoint","urlTemplate":"https:\/\/transport-masson.fr\/?s={search_term_string}"},"query-input":{"@type":"PropertyValueSpecification","valueRequired":true,"valueName":"search_term_string"}}],"inLanguage":"fr-FR"},{"@type":"Organization","@id":"https:\/\/transport-masson.fr\/#organization","name":"Masson","url":"https:\/\/transport-masson.fr\/","logo":{"@type":"ImageObject","inLanguage":"fr-FR","@id":"https:\/\/transport-masson.fr\/#\/schema\/logo\/image\/","url":"https:\/\/transport-masson.fr\/wp-content\/uploads\/2025\/01\/cropped-Masson_transport_et_logistique_bleu.png","contentUrl":"https:\/\/transport-masson.fr\/wp-content\/uploads\/2025\/01\/cropped-Masson_transport_et_logistique_bleu.png","width":306,"height":82,"caption":"Masson"},"image":{"@id":"https:\/\/transport-masson.fr\/#\/schema\/logo\/image\/"}}]}},"_links":{"self":[{"href":"https:\/\/transport-masson.fr\/index.php\/wp-json\/wp\/v2\/pages\/1722","targetHints":{"allow":["GET"]}}],"collection":[{"href":"https:\/\/transport-masson.fr\/index.php\/wp-json\/wp\/v2\/pages"}],"about":[{"href":"https:\/\/transport-masson.fr\/index.php\/wp-json\/wp\/v2\/types\/page"}],"author":[{"embeddable":true,"href":"https:\/\/transport-masson.fr\/index.php\/wp-json\/wp\/v2\/users\/1"}],"replies":[{"embeddable":true,"href":"https:\/\/transport-masson.fr\/index.php\/wp-json\/wp\/v2\/comments?post=1722"}],"version-history":[{"count":4,"href":"https:\/\/transport-masson.fr\/index.php\/wp-json\/wp\/v2\/pages\/1722\/revisions"}],"predecessor-version":[{"id":1733,"href":"https:\/\/transport-masson.fr\/index.php\/wp-json\/wp\/v2\/pages\/1722\/revisions\/1733"}],"wp:attachment":[{"href":"https:\/\/transport-masson.fr\/index.php\/wp-json\/wp\/v2\/media?parent=1722"}],"curies":[{"name":"wp","href":"https:\/\/api.w.org\/{rel}","templated":true}]}}